{"id":28856,"date":"2024-08-16T17:17:17","date_gmt":"2024-08-16T15:17:17","guid":{"rendered":"https:\/\/www.epicerieretzaunee.fr\/?page_id=28856"},"modified":"2024-11-01T15:51:35","modified_gmt":"2024-11-01T14:51:35","slug":"nous-contacter","status":"publish","type":"page","link":"https:\/\/www.epicerieretzaunee.fr\/?page_id=28856","title":{"rendered":"Nous contacter"},"content":{"rendered":"\t\t<div data-elementor-type=\"wp-page\" data-elementor-id=\"28856\" class=\"elementor elementor-28856\" data-elementor-post-type=\"page\">\n\t\t\t\t<div class=\"elementor-element elementor-element-37dbc5c e-flex e-con-boxed e-con e-parent\" data-id=\"37dbc5c\" data-element_type=\"container\">\n\t\t\t\t\t<div class=\"e-con-inner\">\n\t\t\t\t<div class=\"elementor-element elementor-element-a259477 elementor-widget elementor-widget-spacer\" data-id=\"a259477\" data-element_type=\"widget\" data-widget_type=\"spacer.default\">\n\t\t\t\t<div class=\"elementor-widget-container\">\n\t\t\t\t\t\t\t<div class=\"elementor-spacer\">\n\t\t\t<div class=\"elementor-spacer-inner\"><\/div>\n\t\t<\/div>\n\t\t\t\t\t\t<\/div>\n\t\t\t\t<\/div>\n\t\t\t\t<div class=\"elementor-element elementor-element-16b2bda elementor-widget elementor-widget-heading\" data-id=\"16b2bda\" data-element_type=\"widget\" data-widget_type=\"heading.default\">\n\t\t\t\t<div class=\"elementor-widget-container\">\n\t\t\t\t\t<h2 class=\"elementor-heading-title elementor-size-default\">NOUS CONTACTER<\/h2>\t\t\t\t<\/div>\n\t\t\t\t<\/div>\n\t\t\t\t<div class=\"elementor-element elementor-element-9bdb6e1 elementor-align-center elementor-widget elementor-widget-breadcrumbs\" data-id=\"9bdb6e1\" data-element_type=\"widget\" data-widget_type=\"breadcrumbs.default\">\n\t\t\t\t<div class=\"elementor-widget-container\">\n\t\t\t\t\t<p id=\"breadcrumbs\"><span><span><a href=\"https:\/\/www.epicerieretzaunee.fr\/\">Accueil<\/a><\/span><\/span><\/p>\t\t\t\t<\/div>\n\t\t\t\t<\/div>\n\t\t\t\t<div class=\"elementor-element elementor-element-6a7be7e elementor-widget elementor-widget-spacer\" data-id=\"6a7be7e\" data-element_type=\"widget\" data-widget_type=\"spacer.default\">\n\t\t\t\t<div class=\"elementor-widget-container\">\n\t\t\t\t\t\t\t<div class=\"elementor-spacer\">\n\t\t\t<div class=\"elementor-spacer-inner\"><\/div>\n\t\t<\/div>\n\t\t\t\t\t\t<\/div>\n\t\t\t\t<\/div>\n\t\t\t\t\t<\/div>\n\t\t\t\t<\/div>\n\t\t<div class=\"elementor-element elementor-element-6d67611 e-flex e-con-boxed e-con e-parent\" data-id=\"6d67611\" data-element_type=\"container\">\n\t\t\t\t\t<div class=\"e-con-inner\">\n\t\t\t\t<div class=\"elementor-element elementor-element-3a3537c elementor-widget elementor-widget-heading\" data-id=\"3a3537c\" data-element_type=\"widget\" data-widget_type=\"heading.default\">\n\t\t\t\t<div class=\"elementor-widget-container\">\n\t\t\t\t\t<h2 class=\"elementor-heading-title elementor-size-default\">UNE QUESTION ?<\/h2>\t\t\t\t<\/div>\n\t\t\t\t<\/div>\n\t\t\t\t<div class=\"elementor-element elementor-element-ae86f77 elementor-widget elementor-widget-heading\" data-id=\"ae86f77\" data-element_type=\"widget\" data-widget_type=\"heading.default\">\n\t\t\t\t<div class=\"elementor-widget-container\">\n\t\t\t\t\t<h2 class=\"elementor-heading-title elementor-size-default\">Un Message ?<\/h2>\t\t\t\t<\/div>\n\t\t\t\t<\/div>\n\t\t\t\t<div class=\"elementor-element elementor-element-5e9192f elementor-widget elementor-widget-spacer\" data-id=\"5e9192f\" data-element_type=\"widget\" data-widget_type=\"spacer.default\">\n\t\t\t\t<div class=\"elementor-widget-container\">\n\t\t\t\t\t\t\t<div class=\"elementor-spacer\">\n\t\t\t<div class=\"elementor-spacer-inner\"><\/div>\n\t\t<\/div>\n\t\t\t\t\t\t<\/div>\n\t\t\t\t<\/div>\n\t\t\t\t<div class=\"elementor-element elementor-element-149a893 elementor-widget elementor-widget-text-editor\" data-id=\"149a893\" data-element_type=\"widget\" data-widget_type=\"text-editor.default\">\n\t\t\t\t<div class=\"elementor-widget-container\">\n\t\t\t\t\t\t\t\t\t<p>N\u2019h\u00e9sitez pas \u00e0 nous contacter pour toute information, nous aimons partager notre passion et nous vous r\u00e9pondrons personnellement.<\/p>\t\t\t\t\t\t\t\t<\/div>\n\t\t\t\t<\/div>\n\t\t\t\t\t<\/div>\n\t\t\t\t<\/div>\n\t\t<div class=\"elementor-element elementor-element-dbd29ea e-flex e-con-boxed e-con e-parent\" data-id=\"dbd29ea\" data-element_type=\"container\">\n\t\t\t\t\t<div class=\"e-con-inner\">\n\t\t<div class=\"elementor-element elementor-element-1f63712 e-con-full e-flex e-con e-child\" data-id=\"1f63712\" data-element_type=\"container\">\n\t\t<div class=\"elementor-element elementor-element-f52ce77 e-con-full e-flex e-con e-child\" data-id=\"f52ce77\" data-element_type=\"container\">\n\t\t\t\t<div class=\"elementor-element elementor-element-3ce6289 elementor-widget elementor-widget-image\" data-id=\"3ce6289\" data-element_type=\"widget\" data-widget_type=\"image.default\">\n\t\t\t\t<div class=\"elementor-widget-container\">\n\t\t\t\t\t\t\t\t\t\t\t\t\t\t\t<img decoding=\"async\" width=\"159\" height=\"159\" src=\"https:\/\/www.epicerieretzaunee.fr\/wp-content\/uploads\/2024\/11\/Design-sans-titre76.png\" class=\"attachment-large size-large wp-image-31425\" alt=\"logo header\" srcset=\"https:\/\/www.epicerieretzaunee.fr\/wp-content\/uploads\/2024\/11\/Design-sans-titre76.png 159w, https:\/\/www.epicerieretzaunee.fr\/wp-content\/uploads\/2024\/11\/Design-sans-titre76-150x150.png 150w\" sizes=\"(max-width: 159px) 100vw, 159px\" \/>\t\t\t\t\t\t\t\t\t\t\t\t\t\t\t<\/div>\n\t\t\t\t<\/div>\n\t\t\t\t<\/div>\n\t\t<div class=\"elementor-element elementor-element-1b4235e e-con-full e-flex e-con e-child\" data-id=\"1b4235e\" data-element_type=\"container\">\n\t\t\t\t<div class=\"elementor-element elementor-element-036f5d6 elementor-widget elementor-widget-heading\" data-id=\"036f5d6\" data-element_type=\"widget\" data-widget_type=\"heading.default\">\n\t\t\t\t<div class=\"elementor-widget-container\">\n\t\t\t\t\t<h2 class=\"elementor-heading-title elementor-size-default\">\u2022 RETZ'AUN\u00c9E \u2022<\/h2>\t\t\t\t<\/div>\n\t\t\t\t<\/div>\n\t\t\t\t<div class=\"elementor-element elementor-element-39a5978 elementor-widget elementor-widget-text-editor\" data-id=\"39a5978\" data-element_type=\"widget\" data-widget_type=\"text-editor.default\">\n\t\t\t\t<div class=\"elementor-widget-container\">\n\t\t\t\t\t\t\t\t\t<p>10 rue du G\u00e9n\u00e9ral de Gaulle<br \/>44250 Saint-Br\u00e9vin-les-Pins<\/p><p>09 87 39 90 90<\/p>\t\t\t\t\t\t\t\t<\/div>\n\t\t\t\t<\/div>\n\t\t\t\t<div class=\"elementor-element elementor-element-1a09db0 elementor-widget elementor-widget-heading\" data-id=\"1a09db0\" data-element_type=\"widget\" data-widget_type=\"heading.default\">\n\t\t\t\t<div class=\"elementor-widget-container\">\n\t\t\t\t\t<h2 class=\"elementor-heading-title elementor-size-default\">\u2022 HORAIRES \u2022<\/h2>\t\t\t\t<\/div>\n\t\t\t\t<\/div>\n\t\t\t\t<div class=\"elementor-element elementor-element-e00c5fe elementor-widget elementor-widget-text-editor\" data-id=\"e00c5fe\" data-element_type=\"widget\" data-widget_type=\"text-editor.default\">\n\t\t\t\t<div class=\"elementor-widget-container\">\n\t\t\t\t\t\t\t\t\t<p>Mardi au Samedi : 10h &#8211; 13h, 15h30 &#8211; 19h<br \/>Dimanche et lundi : Ferm\u00e9e<\/p>\t\t\t\t\t\t\t\t<\/div>\n\t\t\t\t<\/div>\n\t\t\t\t<\/div>\n\t\t\t\t<\/div>\n\t\t<div class=\"elementor-element elementor-element-5578922 e-con-full e-flex e-con e-child\" data-id=\"5578922\" data-element_type=\"container\">\n\t\t\t\t<\/div>\n\t\t\t\t\t<\/div>\n\t\t\t\t<\/div>\n\t\t<div class=\"elementor-element elementor-element-00ea3ff e-flex e-con-boxed e-con e-parent\" data-id=\"00ea3ff\" data-element_type=\"container\">\n\t\t\t\t\t<div class=\"e-con-inner\">\n\t\t\t\t<div class=\"elementor-element elementor-element-a15de6e elementor-widget elementor-widget-spacer\" data-id=\"a15de6e\" data-element_type=\"widget\" data-widget_type=\"spacer.default\">\n\t\t\t\t<div class=\"elementor-widget-container\">\n\t\t\t\t\t\t\t<div class=\"elementor-spacer\">\n\t\t\t<div class=\"elementor-spacer-inner\"><\/div>\n\t\t<\/div>\n\t\t\t\t\t\t<\/div>\n\t\t\t\t<\/div>\n\t\t\t\t<div class=\"elementor-element elementor-element-049e26e elementor-widget elementor-widget-heading\" data-id=\"049e26e\" data-element_type=\"widget\" data-widget_type=\"heading.default\">\n\t\t\t\t<div class=\"elementor-widget-container\">\n\t\t\t\t\t<h2 class=\"elementor-heading-title elementor-size-default\">COMMENT SE RENDRE \u00c0<\/h2>\t\t\t\t<\/div>\n\t\t\t\t<\/div>\n\t\t\t\t<div class=\"elementor-element elementor-element-9725b5f elementor-widget elementor-widget-heading\" data-id=\"9725b5f\" data-element_type=\"widget\" data-widget_type=\"heading.default\">\n\t\t\t\t<div class=\"elementor-widget-container\">\n\t\t\t\t\t<h2 class=\"elementor-heading-title elementor-size-default\">L'\u00c9picerie Retz'Aun\u00e9e ?<\/h2>\t\t\t\t<\/div>\n\t\t\t\t<\/div>\n\t\t\t\t<div class=\"elementor-element elementor-element-63295c0 elementor-widget elementor-widget-spacer\" data-id=\"63295c0\" data-element_type=\"widget\" data-widget_type=\"spacer.default\">\n\t\t\t\t<div class=\"elementor-widget-container\">\n\t\t\t\t\t\t\t<div class=\"elementor-spacer\">\n\t\t\t<div class=\"elementor-spacer-inner\"><\/div>\n\t\t<\/div>\n\t\t\t\t\t\t<\/div>\n\t\t\t\t<\/div>\n\t\t\t\t<div class=\"elementor-element elementor-element-b12f6c2 elementor-widget elementor-widget-google_maps\" data-id=\"b12f6c2\" data-element_type=\"widget\" data-widget_type=\"google_maps.default\">\n\t\t\t\t<div class=\"elementor-widget-container\">\n\t\t\t\t\t\t\t<div class=\"elementor-custom-embed\">\n\t\t\t<iframe loading=\"lazy\"\n\t\t\t\t\tsrc=\"https:\/\/maps.google.com\/maps?q=%C3%A9picerie%20retz%27aun%C3%A9e&#038;t=m&#038;z=18&#038;output=embed&#038;iwloc=near\"\n\t\t\t\t\ttitle=\"\u00e9picerie retz&#039;aun\u00e9e\"\n\t\t\t\t\taria-label=\"\u00e9picerie retz&#039;aun\u00e9e\"\n\t\t\t><\/iframe>\n\t\t<\/div>\n\t\t\t\t\t\t<\/div>\n\t\t\t\t<\/div>\n\t\t\t\t\t<\/div>\n\t\t\t\t<\/div>\n\t\t<footer class=\"elementor-element elementor-element-6fc535d8 e-con-full e-flex e-con e-parent\" data-id=\"6fc535d8\" data-element_type=\"container\" data-settings=\"{&quot;background_background&quot;:&quot;classic&quot;}\">\n\t\t\t\t<div class=\"elementor-element elementor-element-6eb35eb3 elementor-widget elementor-widget-heading\" data-id=\"6eb35eb3\" data-element_type=\"widget\" data-widget_type=\"heading.default\">\n\t\t\t\t<div class=\"elementor-widget-container\">\n\t\t\t\t\t<h2 class=\"elementor-heading-title elementor-size-default\">la gazette<\/h2>\t\t\t\t<\/div>\n\t\t\t\t<\/div>\n\t\t\t\t<div class=\"elementor-element elementor-element-a0a7c04 elementor-widget elementor-widget-heading\" data-id=\"a0a7c04\" data-element_type=\"widget\" data-widget_type=\"heading.default\">\n\t\t\t\t<div class=\"elementor-widget-container\">\n\t\t\t\t\t<h3 class=\"elementor-heading-title elementor-size-default\">Retz'Aun\u00e9e !<\/h3>\t\t\t\t<\/div>\n\t\t\t\t<\/div>\n\t\t<div class=\"elementor-element elementor-element-264a107e e-con-full e-flex e-con e-child\" data-id=\"264a107e\" data-element_type=\"container\">\n\t\t\t\t<div class=\"elementor-element elementor-element-29868b13 elementor-widget__width-inherit elementor-widget elementor-widget-text-editor\" data-id=\"29868b13\" data-element_type=\"widget\" data-widget_type=\"text-editor.default\">\n\t\t\t\t<div class=\"elementor-widget-container\">\n\t\t\t\t\t\t\t\t\t<p>Des p\u2019tites actus, des mots doux et des promos !<br \/>Promis et pas de panique, l\u2019\u00e9picerie Retz\u2019aun\u00e9e n\u2019\u00e9crit pas plus d\u2019une fois par mois \ud83d\ude09<\/p>\t\t\t\t\t\t\t\t<\/div>\n\t\t\t\t<\/div>\n\t\t\t\t<div class=\"elementor-element elementor-element-5e0460a5 elementor-widget__width-inherit elementor-button-align-stretch elementor-widget elementor-widget-form\" data-id=\"5e0460a5\" data-element_type=\"widget\" data-settings=\"{&quot;step_next_label&quot;:&quot;Next&quot;,&quot;step_previous_label&quot;:&quot;Previous&quot;,&quot;button_width&quot;:&quot;20&quot;,&quot;step_type&quot;:&quot;number_text&quot;,&quot;step_icon_shape&quot;:&quot;circle&quot;}\" data-widget_type=\"form.default\">\n\t\t\t\t<div class=\"elementor-widget-container\">\n\t\t\t\t\t\t\t<form class=\"elementor-form\" method=\"post\" name=\"Newsletter Form\">\n\t\t\t<input type=\"hidden\" name=\"post_id\" value=\"28856\"\/>\n\t\t\t<input type=\"hidden\" name=\"form_id\" value=\"5e0460a5\"\/>\n\t\t\t<input type=\"hidden\" name=\"referer_title\" value=\"Nous contacter - epicerie.retzaunee\" \/>\n\n\t\t\t\t\t\t\t<input type=\"hidden\" name=\"queried_id\" value=\"28856\"\/>\n\t\t\t\n\t\t\t<div class=\"elementor-form-fields-wrapper elementor-labels-\">\n\t\t\t\t\t\t\t\t<div class=\"elementor-field-type-text elementor-field-group elementor-column elementor-field-group-field_7a6d165 elementor-col-33\">\n\t\t\t\t\t\t\t\t\t\t\t\t<label for=\"form-field-field_7a6d165\" class=\"elementor-field-label elementor-screen-only\">\n\t\t\t\t\t\t\t\tMon email\t\t\t\t\t\t\t<\/label>\n\t\t\t\t\t\t\t\t\t\t\t\t\t\t<input size=\"1\" type=\"text\" name=\"form_fields[field_7a6d165]\" id=\"form-field-field_7a6d165\" class=\"elementor-field elementor-size-md  elementor-field-textual\" placeholder=\"Mon adresse email\">\n\t\t\t\t\t\t\t\t\t\t\t<\/div>\n\t\t\t\t\t\t\t\t<div class=\"elementor-field-group elementor-column elementor-field-type-submit elementor-col-20 e-form__buttons\">\n\t\t\t\t\t<button class=\"elementor-button elementor-size-md\" type=\"submit\">\n\t\t\t\t\t\t<span class=\"elementor-button-content-wrapper\">\n\t\t\t\t\t\t\t\t\t\t\t\t\t\t\t\t\t\t\t\t\t\t<span class=\"elementor-button-text\">OK<\/span>\n\t\t\t\t\t\t\t\t\t\t\t\t\t<\/span>\n\t\t\t\t\t<\/button>\n\t\t\t\t<\/div>\n\t\t\t<\/div>\n\t\t<\/form>\n\t\t\t\t\t\t<\/div>\n\t\t\t\t<\/div>\n\t\t\t\t<\/div>\n\t\t\t\t<\/footer>\n\t\t\t\t<\/div>\n\t\t","protected":false},"excerpt":{"rendered":"<p>NOUS CONTACTER UNE QUESTION ? Un Message ? N\u2019h\u00e9sitez pas \u00e0 nous contacter pour toute information, nous aimons partager notre passion et nous vous r\u00e9pondrons personnellement. \u2022 RETZ&rsquo;AUN\u00c9E \u2022 10 rue du G\u00e9n\u00e9ral de Gaulle44250 Saint-Br\u00e9vin-les-Pins 09 87 39 90 90 \u2022 HORAIRES \u2022 Mardi au Samedi : 10h &#8211; 13h, 15h30 &#8211; 19hDimanche et [&hellip;]<\/p>\n","protected":false},"author":2,"featured_media":0,"parent":0,"menu_order":0,"comment_status":"closed","ping_status":"closed","template":"","meta":{"_monsterinsights_skip_tracking":false,"_monsterinsights_sitenote_active":false,"_monsterinsights_sitenote_note":"","_monsterinsights_sitenote_category":0,"footnotes":""},"class_list":["post-28856","page","type-page","status-publish","hentry"],"yoast_head":"<!-- This site is optimized with the Yoast SEO plugin v25.2 - https:\/\/yoast.com\/wordpress\/plugins\/seo\/ -->\n<title>Nous contacter - epicerie.retzaunee<\/title>\n<meta name=\"robots\" content=\"noindex, follow, max-snippet:-1, max-image-preview:large, max-video-preview:-1\" \/>\n<meta property=\"og:locale\" content=\"fr_FR\" \/>\n<meta property=\"og:type\" content=\"article\" \/>\n<meta property=\"og:title\" content=\"Nous contacter - epicerie.retzaunee\" \/>\n<meta property=\"og:description\" content=\"NOUS CONTACTER UNE QUESTION ? Un Message ? N\u2019h\u00e9sitez pas \u00e0 nous contacter pour toute information, nous aimons partager notre passion et nous vous r\u00e9pondrons personnellement. \u2022 RETZ&rsquo;AUN\u00c9E \u2022 10 rue du G\u00e9n\u00e9ral de Gaulle44250 Saint-Br\u00e9vin-les-Pins 09 87 39 90 90 \u2022 HORAIRES \u2022 Mardi au Samedi : 10h &#8211; 13h, 15h30 &#8211; 19hDimanche et [&hellip;]\" \/>\n<meta property=\"og:url\" content=\"https:\/\/www.epicerieretzaunee.fr\/?page_id=28856\" \/>\n<meta property=\"og:site_name\" content=\"epicerie.retzaunee\" \/>\n<meta property=\"article:publisher\" content=\"https:\/\/www.facebook.com\/p\/L%c3%a9picerie-Retzaun%c3%a9e-100063643446720\/?locale=fr_FR\" \/>\n<meta property=\"article:modified_time\" content=\"2024-11-01T14:51:35+00:00\" \/>\n<meta property=\"og:image\" content=\"https:\/\/www.epicerieretzaunee.fr\/wp-content\/uploads\/2024\/11\/Design-sans-titre76.png\" \/>\n\t<meta property=\"og:image:width\" content=\"159\" \/>\n\t<meta property=\"og:image:height\" content=\"159\" \/>\n\t<meta property=\"og:image:type\" content=\"image\/png\" \/>\n<meta name=\"twitter:card\" content=\"summary_large_image\" \/>\n<meta name=\"twitter:label1\" content=\"Dur\u00e9e de lecture estim\u00e9e\" \/>\n\t<meta name=\"twitter:data1\" content=\"1 minute\" \/>\n<script type=\"application\/ld+json\" class=\"yoast-schema-graph\">{\"@context\":\"https:\/\/schema.org\",\"@graph\":[{\"@type\":\"WebPage\",\"@id\":\"https:\/\/www.epicerieretzaunee.fr\/?page_id=28856\",\"url\":\"https:\/\/www.epicerieretzaunee.fr\/?page_id=28856\",\"name\":\"Nous contacter - epicerie.retzaunee\",\"isPartOf\":{\"@id\":\"https:\/\/www.epicerieretzaunee.fr\/#website\"},\"primaryImageOfPage\":{\"@id\":\"https:\/\/www.epicerieretzaunee.fr\/?page_id=28856#primaryimage\"},\"image\":{\"@id\":\"https:\/\/www.epicerieretzaunee.fr\/?page_id=28856#primaryimage\"},\"thumbnailUrl\":\"https:\/\/www.epicerieretzaunee.fr\/wp-content\/uploads\/2024\/11\/Design-sans-titre76.png\",\"datePublished\":\"2024-08-16T15:17:17+00:00\",\"dateModified\":\"2024-11-01T14:51:35+00:00\",\"breadcrumb\":{\"@id\":\"https:\/\/www.epicerieretzaunee.fr\/?page_id=28856#breadcrumb\"},\"inLanguage\":\"fr-FR\",\"potentialAction\":[{\"@type\":\"ReadAction\",\"target\":[\"https:\/\/www.epicerieretzaunee.fr\/?page_id=28856\"]}]},{\"@type\":\"ImageObject\",\"inLanguage\":\"fr-FR\",\"@id\":\"https:\/\/www.epicerieretzaunee.fr\/?page_id=28856#primaryimage\",\"url\":\"https:\/\/www.epicerieretzaunee.fr\/wp-content\/uploads\/2024\/11\/Design-sans-titre76.png\",\"contentUrl\":\"https:\/\/www.epicerieretzaunee.fr\/wp-content\/uploads\/2024\/11\/Design-sans-titre76.png\",\"width\":159,\"height\":159,\"caption\":\"logo header\"},{\"@type\":\"BreadcrumbList\",\"@id\":\"https:\/\/www.epicerieretzaunee.fr\/?page_id=28856#breadcrumb\",\"itemListElement\":[{\"@type\":\"ListItem\",\"position\":1,\"name\":\"Accueil\",\"item\":\"https:\/\/www.epicerieretzaunee.fr\/\"},{\"@type\":\"ListItem\",\"position\":2,\"name\":\"Nous contacter\"}]},{\"@type\":\"WebSite\",\"@id\":\"https:\/\/www.epicerieretzaunee.fr\/#website\",\"url\":\"https:\/\/www.epicerieretzaunee.fr\/\",\"name\":\"epicerie.retzaunee\",\"description\":\"Le vrac Bio et local pour un mode de vie z\u00e9ro d\u00e9chet\",\"publisher\":{\"@id\":\"https:\/\/www.epicerieretzaunee.fr\/#organization\"},\"potentialAction\":[{\"@type\":\"SearchAction\",\"target\":{\"@type\":\"EntryPoint\",\"urlTemplate\":\"https:\/\/www.epicerieretzaunee.fr\/?s={search_term_string}\"},\"query-input\":{\"@type\":\"PropertyValueSpecification\",\"valueRequired\":true,\"valueName\":\"search_term_string\"}}],\"inLanguage\":\"fr-FR\"},{\"@type\":\"Organization\",\"@id\":\"https:\/\/www.epicerieretzaunee.fr\/#organization\",\"name\":\"\u00c9picerie Retz'aun\u00e9e\",\"url\":\"https:\/\/www.epicerieretzaunee.fr\/\",\"logo\":{\"@type\":\"ImageObject\",\"inLanguage\":\"fr-FR\",\"@id\":\"https:\/\/www.epicerieretzaunee.fr\/#\/schema\/logo\/image\/\",\"url\":\"\",\"contentUrl\":\"\",\"caption\":\"\u00c9picerie Retz'aun\u00e9e\"},\"image\":{\"@id\":\"https:\/\/www.epicerieretzaunee.fr\/#\/schema\/logo\/image\/\"},\"sameAs\":[\"https:\/\/www.facebook.com\/p\/L\u00e9picerie-Retzaun\u00e9e-100063643446720\/?locale=fr_FR\"]}]}<\/script>\n<!-- \/ Yoast SEO plugin. -->","yoast_head_json":{"title":"Nous contacter - epicerie.retzaunee","robots":{"index":"noindex","follow":"follow","max-snippet":"max-snippet:-1","max-image-preview":"max-image-preview:large","max-video-preview":"max-video-preview:-1"},"og_locale":"fr_FR","og_type":"article","og_title":"Nous contacter - epicerie.retzaunee","og_description":"NOUS CONTACTER UNE QUESTION ? Un Message ? N\u2019h\u00e9sitez pas \u00e0 nous contacter pour toute information, nous aimons partager notre passion et nous vous r\u00e9pondrons personnellement. \u2022 RETZ&rsquo;AUN\u00c9E \u2022 10 rue du G\u00e9n\u00e9ral de Gaulle44250 Saint-Br\u00e9vin-les-Pins 09 87 39 90 90 \u2022 HORAIRES \u2022 Mardi au Samedi : 10h &#8211; 13h, 15h30 &#8211; 19hDimanche et [&hellip;]","og_url":"https:\/\/www.epicerieretzaunee.fr\/?page_id=28856","og_site_name":"epicerie.retzaunee","article_publisher":"https:\/\/www.facebook.com\/p\/L%c3%a9picerie-Retzaun%c3%a9e-100063643446720\/?locale=fr_FR","article_modified_time":"2024-11-01T14:51:35+00:00","og_image":[{"width":159,"height":159,"url":"https:\/\/www.epicerieretzaunee.fr\/wp-content\/uploads\/2024\/11\/Design-sans-titre76.png","type":"image\/png"}],"twitter_card":"summary_large_image","twitter_misc":{"Dur\u00e9e de lecture estim\u00e9e":"1 minute"},"schema":{"@context":"https:\/\/schema.org","@graph":[{"@type":"WebPage","@id":"https:\/\/www.epicerieretzaunee.fr\/?page_id=28856","url":"https:\/\/www.epicerieretzaunee.fr\/?page_id=28856","name":"Nous contacter - epicerie.retzaunee","isPartOf":{"@id":"https:\/\/www.epicerieretzaunee.fr\/#website"},"primaryImageOfPage":{"@id":"https:\/\/www.epicerieretzaunee.fr\/?page_id=28856#primaryimage"},"image":{"@id":"https:\/\/www.epicerieretzaunee.fr\/?page_id=28856#primaryimage"},"thumbnailUrl":"https:\/\/www.epicerieretzaunee.fr\/wp-content\/uploads\/2024\/11\/Design-sans-titre76.png","datePublished":"2024-08-16T15:17:17+00:00","dateModified":"2024-11-01T14:51:35+00:00","breadcrumb":{"@id":"https:\/\/www.epicerieretzaunee.fr\/?page_id=28856#breadcrumb"},"inLanguage":"fr-FR","potentialAction":[{"@type":"ReadAction","target":["https:\/\/www.epicerieretzaunee.fr\/?page_id=28856"]}]},{"@type":"ImageObject","inLanguage":"fr-FR","@id":"https:\/\/www.epicerieretzaunee.fr\/?page_id=28856#primaryimage","url":"https:\/\/www.epicerieretzaunee.fr\/wp-content\/uploads\/2024\/11\/Design-sans-titre76.png","contentUrl":"https:\/\/www.epicerieretzaunee.fr\/wp-content\/uploads\/2024\/11\/Design-sans-titre76.png","width":159,"height":159,"caption":"logo header"},{"@type":"BreadcrumbList","@id":"https:\/\/www.epicerieretzaunee.fr\/?page_id=28856#breadcrumb","itemListElement":[{"@type":"ListItem","position":1,"name":"Accueil","item":"https:\/\/www.epicerieretzaunee.fr\/"},{"@type":"ListItem","position":2,"name":"Nous contacter"}]},{"@type":"WebSite","@id":"https:\/\/www.epicerieretzaunee.fr\/#website","url":"https:\/\/www.epicerieretzaunee.fr\/","name":"epicerie.retzaunee","description":"Le vrac Bio et local pour un mode de vie z\u00e9ro d\u00e9chet","publisher":{"@id":"https:\/\/www.epicerieretzaunee.fr\/#organization"},"potentialAction":[{"@type":"SearchAction","target":{"@type":"EntryPoint","urlTemplate":"https:\/\/www.epicerieretzaunee.fr\/?s={search_term_string}"},"query-input":{"@type":"PropertyValueSpecification","valueRequired":true,"valueName":"search_term_string"}}],"inLanguage":"fr-FR"},{"@type":"Organization","@id":"https:\/\/www.epicerieretzaunee.fr\/#organization","name":"\u00c9picerie Retz'aun\u00e9e","url":"https:\/\/www.epicerieretzaunee.fr\/","logo":{"@type":"ImageObject","inLanguage":"fr-FR","@id":"https:\/\/www.epicerieretzaunee.fr\/#\/schema\/logo\/image\/","url":"","contentUrl":"","caption":"\u00c9picerie Retz'aun\u00e9e"},"image":{"@id":"https:\/\/www.epicerieretzaunee.fr\/#\/schema\/logo\/image\/"},"sameAs":["https:\/\/www.facebook.com\/p\/L\u00e9picerie-Retzaun\u00e9e-100063643446720\/?locale=fr_FR"]}]}},"_links":{"self":[{"href":"https:\/\/www.epicerieretzaunee.fr\/index.php?rest_route=\/wp\/v2\/pages\/28856","targetHints":{"allow":["GET"]}}],"collection":[{"href":"https:\/\/www.epicerieretzaunee.fr\/index.php?rest_route=\/wp\/v2\/pages"}],"about":[{"href":"https:\/\/www.epicerieretzaunee.fr\/index.php?rest_route=\/wp\/v2\/types\/page"}],"author":[{"embeddable":true,"href":"https:\/\/www.epicerieretzaunee.fr\/index.php?rest_route=\/wp\/v2\/users\/2"}],"replies":[{"embeddable":true,"href":"https:\/\/www.epicerieretzaunee.fr\/index.php?rest_route=%2Fwp%2Fv2%2Fcomments&post=28856"}],"version-history":[{"count":58,"href":"https:\/\/www.epicerieretzaunee.fr\/index.php?rest_route=\/wp\/v2\/pages\/28856\/revisions"}],"predecessor-version":[{"id":31437,"href":"https:\/\/www.epicerieretzaunee.fr\/index.php?rest_route=\/wp\/v2\/pages\/28856\/revisions\/31437"}],"wp:attachment":[{"href":"https:\/\/www.epicerieretzaunee.fr\/index.php?rest_route=%2Fwp%2Fv2%2Fmedia&parent=28856"}],"curies":[{"name":"wp","href":"https:\/\/api.w.org\/{rel}","templated":true}]}}