{"id":28883,"date":"2024-08-16T17:35:54","date_gmt":"2024-08-16T15:35:54","guid":{"rendered":"https:\/\/www.epicerieretzaunee.fr\/?page_id=28883"},"modified":"2025-03-12T20:57:58","modified_gmt":"2025-03-12T19:57:58","slug":"lepicerie","status":"publish","type":"page","link":"https:\/\/www.epicerieretzaunee.fr\/?page_id=28883","title":{"rendered":"L&rsquo;\u00e9picerie"},"content":{"rendered":"\t\t<div data-elementor-type=\"wp-page\" data-elementor-id=\"28883\" class=\"elementor elementor-28883\" data-elementor-post-type=\"page\">\n\t\t\t\t<div class=\"elementor-element elementor-element-5ba3a3b e-flex e-con-boxed e-con e-parent\" data-id=\"5ba3a3b\" data-element_type=\"container\">\n\t\t\t\t\t<div class=\"e-con-inner\">\n\t\t\t\t<div class=\"elementor-element elementor-element-4d82403 elementor-widget elementor-widget-spacer\" data-id=\"4d82403\" data-element_type=\"widget\" data-widget_type=\"spacer.default\">\n\t\t\t\t<div class=\"elementor-widget-container\">\n\t\t\t\t\t\t\t<div class=\"elementor-spacer\">\n\t\t\t<div class=\"elementor-spacer-inner\"><\/div>\n\t\t<\/div>\n\t\t\t\t\t\t<\/div>\n\t\t\t\t<\/div>\n\t\t\t\t<div class=\"elementor-element elementor-element-2ce0b72 elementor-widget elementor-widget-heading\" data-id=\"2ce0b72\" data-element_type=\"widget\" data-widget_type=\"heading.default\">\n\t\t\t\t<div class=\"elementor-widget-container\">\n\t\t\t\t\t<h2 class=\"elementor-heading-title elementor-size-default\">L'\u00e9picerie<\/h2>\t\t\t\t<\/div>\n\t\t\t\t<\/div>\n\t\t\t\t<div class=\"elementor-element elementor-element-510a89e elementor-widget elementor-widget-heading\" data-id=\"510a89e\" data-element_type=\"widget\" data-widget_type=\"heading.default\">\n\t\t\t\t<div class=\"elementor-widget-container\">\n\t\t\t\t\t<h2 class=\"elementor-heading-title elementor-size-default\">Retz'Aun\u00e9e<\/h2>\t\t\t\t<\/div>\n\t\t\t\t<\/div>\n\t\t\t\t<div class=\"elementor-element elementor-element-1ba6ecb elementor-widget elementor-widget-spacer\" data-id=\"1ba6ecb\" data-element_type=\"widget\" data-widget_type=\"spacer.default\">\n\t\t\t\t<div class=\"elementor-widget-container\">\n\t\t\t\t\t\t\t<div class=\"elementor-spacer\">\n\t\t\t<div class=\"elementor-spacer-inner\"><\/div>\n\t\t<\/div>\n\t\t\t\t\t\t<\/div>\n\t\t\t\t<\/div>\n\t\t\t\t\t<\/div>\n\t\t\t\t<\/div>\n\t\t<div class=\"elementor-element elementor-element-e605a74 e-flex e-con-boxed e-con e-parent\" data-id=\"e605a74\" data-element_type=\"container\">\n\t\t\t\t\t<div class=\"e-con-inner\">\n\t\t<div class=\"elementor-element elementor-element-589680e e-con-full e-flex e-con e-child\" data-id=\"589680e\" data-element_type=\"container\">\n\t\t\t\t<div class=\"elementor-element elementor-element-e502409 elementor-widget elementor-widget-image\" data-id=\"e502409\" data-element_type=\"widget\" data-widget_type=\"image.default\">\n\t\t\t\t<div class=\"elementor-widget-container\">\n\t\t\t\t\t\t\t\t\t\t\t\t\t\t\t<img fetchpriority=\"high\" decoding=\"async\" width=\"410\" height=\"354\" src=\"https:\/\/www.epicerieretzaunee.fr\/wp-content\/uploads\/2024\/08\/unnamed-2.png\" class=\"attachment-large size-large wp-image-29303\" alt=\"devanture de l&#039;\u00e9picerie avec l&#039;\u00e9quipe\" srcset=\"https:\/\/www.epicerieretzaunee.fr\/wp-content\/uploads\/2024\/08\/unnamed-2.png 410w, https:\/\/www.epicerieretzaunee.fr\/wp-content\/uploads\/2024\/08\/unnamed-2-300x259.png 300w\" sizes=\"(max-width: 410px) 100vw, 410px\" \/>\t\t\t\t\t\t\t\t\t\t\t\t\t\t\t<\/div>\n\t\t\t\t<\/div>\n\t\t\t\t<\/div>\n\t\t<div class=\"elementor-element elementor-element-99bd906 e-con-full e-flex e-con e-child\" data-id=\"99bd906\" data-element_type=\"container\">\n\t\t\t\t<div class=\"elementor-element elementor-element-5de9170 elementor-widget elementor-widget-heading\" data-id=\"5de9170\" data-element_type=\"widget\" data-widget_type=\"heading.default\">\n\t\t\t\t<div class=\"elementor-widget-container\">\n\t\t\t\t\t<h2 class=\"elementor-heading-title elementor-size-default\">Pourquoi l'\u00c9picerie Retz'Aun\u00e9e ?<\/h2>\t\t\t\t<\/div>\n\t\t\t\t<\/div>\n\t\t\t\t<div class=\"elementor-element elementor-element-4f0c98f elementor-widget elementor-widget-heading\" data-id=\"4f0c98f\" data-element_type=\"widget\" data-widget_type=\"heading.default\">\n\t\t\t\t<div class=\"elementor-widget-container\">\n\t\t\t\t\t<h2 class=\"elementor-heading-title elementor-size-default\">Retz'Aun\u00e9e offre la possibilit\u00e9 de consommer autrement.<\/h2>\t\t\t\t<\/div>\n\t\t\t\t<\/div>\n\t\t\t\t<div class=\"elementor-element elementor-element-27e9306 elementor-widget elementor-widget-text-editor\" data-id=\"27e9306\" data-element_type=\"widget\" data-widget_type=\"text-editor.default\">\n\t\t\t\t<div class=\"elementor-widget-container\">\n\t\t\t\t\t\t\t\t\t<p>L\u2019impact n\u00e9gatif de nos modes de consommation sur notre plan\u00e8te est ind\u00e9niable. Il y a maintenant plus de plastique que de poissons dans nos oc\u00e9ans, la temp\u00e9rature moyenne augmente avec des cons\u00e9quences terribles sur notre plan\u00e8te, il nous faudrait 1,7 plan\u00e8te pour subvenir \u00e0 nos besoins\u2026<\/p>\t\t\t\t\t\t\t\t<\/div>\n\t\t\t\t<\/div>\n\t\t\t\t<div class=\"elementor-element elementor-element-3b90335 elementor-align-center elementor-widget elementor-widget-button\" data-id=\"3b90335\" data-element_type=\"widget\" data-widget_type=\"button.default\">\n\t\t\t\t<div class=\"elementor-widget-container\">\n\t\t\t\t\t\t\t\t\t<div class=\"elementor-button-wrapper\">\n\t\t\t\t\t<a class=\"elementor-button elementor-button-link elementor-size-sm\" href=\"https:\/\/www.epicerieretzaunee.fr\/?page_id=28853\">\n\t\t\t\t\t\t<span class=\"elementor-button-content-wrapper\">\n\t\t\t\t\t\t\t\t\t<span class=\"elementor-button-text\">En savoir plus<\/span>\n\t\t\t\t\t<\/span>\n\t\t\t\t\t<\/a>\n\t\t\t\t<\/div>\n\t\t\t\t\t\t\t\t<\/div>\n\t\t\t\t<\/div>\n\t\t\t\t<\/div>\n\t\t\t\t\t<\/div>\n\t\t\t\t<\/div>\n\t\t<div class=\"elementor-element elementor-element-f3210f4 e-flex e-con-boxed e-con e-parent\" data-id=\"f3210f4\" data-element_type=\"container\">\n\t\t\t\t\t<div class=\"e-con-inner\">\n\t\t\t\t<div class=\"elementor-element elementor-element-f0f1c78 elementor-widget elementor-widget-spacer\" data-id=\"f0f1c78\" data-element_type=\"widget\" data-widget_type=\"spacer.default\">\n\t\t\t\t<div class=\"elementor-widget-container\">\n\t\t\t\t\t\t\t<div class=\"elementor-spacer\">\n\t\t\t<div class=\"elementor-spacer-inner\"><\/div>\n\t\t<\/div>\n\t\t\t\t\t\t<\/div>\n\t\t\t\t<\/div>\n\t\t\t\t<div class=\"elementor-element elementor-element-63c5e25 elementor-widget elementor-widget-heading\" data-id=\"63c5e25\" data-element_type=\"widget\" data-widget_type=\"heading.default\">\n\t\t\t\t<div class=\"elementor-widget-container\">\n\t\t\t\t\t<h2 class=\"elementor-heading-title elementor-size-default\">Retrouvez-nous au 10 rue du G\u00e9n\u00e9ral de Gaulle, Saint-Br\u00e9vin-les-Pins<\/h2>\t\t\t\t<\/div>\n\t\t\t\t<\/div>\n\t\t\t\t<div class=\"elementor-element elementor-element-a01eec1 elementor-widget elementor-widget-google_maps\" data-id=\"a01eec1\" data-element_type=\"widget\" data-widget_type=\"google_maps.default\">\n\t\t\t\t<div class=\"elementor-widget-container\">\n\t\t\t\t\t\t\t<div class=\"elementor-custom-embed\">\n\t\t\t<iframe loading=\"lazy\"\n\t\t\t\t\tsrc=\"https:\/\/maps.google.com\/maps?q=%C3%A9picerie%20retz%27aun%C3%A9e&#038;t=m&#038;z=18&#038;output=embed&#038;iwloc=near\"\n\t\t\t\t\ttitle=\"\u00e9picerie retz&#039;aun\u00e9e\"\n\t\t\t\t\taria-label=\"\u00e9picerie retz&#039;aun\u00e9e\"\n\t\t\t><\/iframe>\n\t\t<\/div>\n\t\t\t\t\t\t<\/div>\n\t\t\t\t<\/div>\n\t\t\t\t\t<\/div>\n\t\t\t\t<\/div>\n\t\t<footer class=\"elementor-element elementor-element-116e5e4 e-con-full e-flex e-con e-parent\" data-id=\"116e5e4\" data-element_type=\"container\" data-settings=\"{&quot;background_background&quot;:&quot;classic&quot;}\">\n\t\t\t\t<div class=\"elementor-element elementor-element-257cf2fc elementor-widget elementor-widget-heading\" data-id=\"257cf2fc\" data-element_type=\"widget\" data-widget_type=\"heading.default\">\n\t\t\t\t<div class=\"elementor-widget-container\">\n\t\t\t\t\t<h2 class=\"elementor-heading-title elementor-size-default\">la gazette<\/h2>\t\t\t\t<\/div>\n\t\t\t\t<\/div>\n\t\t\t\t<div class=\"elementor-element elementor-element-706e7443 elementor-widget__width-inherit elementor-widget elementor-widget-heading\" data-id=\"706e7443\" data-element_type=\"widget\" data-widget_type=\"heading.default\">\n\t\t\t\t<div class=\"elementor-widget-container\">\n\t\t\t\t\t<h3 class=\"elementor-heading-title elementor-size-default\">Retz'Aun\u00e9e !<\/h3>\t\t\t\t<\/div>\n\t\t\t\t<\/div>\n\t\t<div class=\"elementor-element elementor-element-57c6cece e-con-full e-flex e-con e-child\" data-id=\"57c6cece\" data-element_type=\"container\">\n\t\t\t\t<div class=\"elementor-element elementor-element-4dfc0c06 elementor-widget__width-inherit elementor-widget elementor-widget-text-editor\" data-id=\"4dfc0c06\" data-element_type=\"widget\" data-widget_type=\"text-editor.default\">\n\t\t\t\t<div class=\"elementor-widget-container\">\n\t\t\t\t\t\t\t\t\t<p>Des p\u2019tites actus, des mots doux et des promos !\u2028On vous \u00e9crit une fois par mois, sauf pour les grandes occasions comme des concours ou partenariats \ud83d\ude09<\/p>\t\t\t\t\t\t\t\t<\/div>\n\t\t\t\t<\/div>\n\t\t\t\t<div class=\"elementor-element elementor-element-5611d0f7 elementor-widget__width-inherit elementor-button-align-stretch elementor-widget elementor-widget-form\" data-id=\"5611d0f7\" data-element_type=\"widget\" data-settings=\"{&quot;step_next_label&quot;:&quot;Next&quot;,&quot;step_previous_label&quot;:&quot;Previous&quot;,&quot;button_width&quot;:&quot;20&quot;,&quot;step_type&quot;:&quot;number_text&quot;,&quot;step_icon_shape&quot;:&quot;circle&quot;}\" data-widget_type=\"form.default\">\n\t\t\t\t<div class=\"elementor-widget-container\">\n\t\t\t\t\t\t\t<form class=\"elementor-form\" method=\"post\" name=\"Newsletter Form\">\n\t\t\t<input type=\"hidden\" name=\"post_id\" value=\"28883\"\/>\n\t\t\t<input type=\"hidden\" name=\"form_id\" value=\"5611d0f7\"\/>\n\t\t\t<input type=\"hidden\" name=\"referer_title\" value=\"L&#039;\u00e9picerie - epicerie.retzaunee\" \/>\n\n\t\t\t\t\t\t\t<input type=\"hidden\" name=\"queried_id\" value=\"28883\"\/>\n\t\t\t\n\t\t\t<div class=\"elementor-form-fields-wrapper elementor-labels-\">\n\t\t\t\t\t\t\t\t<div class=\"elementor-field-type-text elementor-field-group elementor-column elementor-field-group-field_7a6d165 elementor-col-33\">\n\t\t\t\t\t\t\t\t\t\t\t\t<label for=\"form-field-field_7a6d165\" class=\"elementor-field-label elementor-screen-only\">\n\t\t\t\t\t\t\t\tMon email\t\t\t\t\t\t\t<\/label>\n\t\t\t\t\t\t\t\t\t\t\t\t\t\t<input size=\"1\" type=\"text\" name=\"form_fields[field_7a6d165]\" id=\"form-field-field_7a6d165\" class=\"elementor-field elementor-size-md  elementor-field-textual\" placeholder=\"Mon adresse email\">\n\t\t\t\t\t\t\t\t\t\t\t<\/div>\n\t\t\t\t\t\t\t\t<div class=\"elementor-field-group elementor-column elementor-field-type-submit elementor-col-20 e-form__buttons\">\n\t\t\t\t\t<button class=\"elementor-button elementor-size-md\" type=\"submit\">\n\t\t\t\t\t\t<span class=\"elementor-button-content-wrapper\">\n\t\t\t\t\t\t\t\t\t\t\t\t\t\t\t\t\t\t\t\t\t\t<span class=\"elementor-button-text\">OK<\/span>\n\t\t\t\t\t\t\t\t\t\t\t\t\t<\/span>\n\t\t\t\t\t<\/button>\n\t\t\t\t<\/div>\n\t\t\t<\/div>\n\t\t<\/form>\n\t\t\t\t\t\t<\/div>\n\t\t\t\t<\/div>\n\t\t\t\t<\/div>\n\t\t\t\t<\/footer>\n\t\t\t\t<\/div>\n\t\t","protected":false},"excerpt":{"rendered":"<p>L&rsquo;\u00e9picerie Retz&rsquo;Aun\u00e9e Pourquoi l&rsquo;\u00c9picerie Retz&rsquo;Aun\u00e9e ? Retz&rsquo;Aun\u00e9e offre la possibilit\u00e9 de consommer autrement. L\u2019impact n\u00e9gatif de nos modes de consommation sur notre plan\u00e8te est ind\u00e9niable. Il y a maintenant plus de plastique que de poissons dans nos oc\u00e9ans, la temp\u00e9rature moyenne augmente avec des cons\u00e9quences terribles sur notre plan\u00e8te, il nous faudrait 1,7 plan\u00e8te pour [&hellip;]<\/p>\n","protected":false},"author":2,"featured_media":0,"parent":28853,"menu_order":0,"comment_status":"closed","ping_status":"closed","template":"","meta":{"_monsterinsights_skip_tracking":false,"_monsterinsights_sitenote_active":false,"_monsterinsights_sitenote_note":"","_monsterinsights_sitenote_category":0,"footnotes":""},"class_list":["post-28883","page","type-page","status-publish","hentry"],"yoast_head":"<!-- This site is optimized with the Yoast SEO plugin v25.2 - https:\/\/yoast.com\/wordpress\/plugins\/seo\/ -->\n<title>L&#039;\u00e9picerie - epicerie.retzaunee<\/title>\n<meta name=\"robots\" content=\"noindex, follow, max-snippet:-1, max-image-preview:large, max-video-preview:-1\" \/>\n<meta property=\"og:locale\" content=\"fr_FR\" \/>\n<meta property=\"og:type\" content=\"article\" \/>\n<meta property=\"og:title\" content=\"L&#039;\u00e9picerie - epicerie.retzaunee\" \/>\n<meta property=\"og:description\" content=\"L&rsquo;\u00e9picerie Retz&rsquo;Aun\u00e9e Pourquoi l&rsquo;\u00c9picerie Retz&rsquo;Aun\u00e9e ? Retz&rsquo;Aun\u00e9e offre la possibilit\u00e9 de consommer autrement. L\u2019impact n\u00e9gatif de nos modes de consommation sur notre plan\u00e8te est ind\u00e9niable. Il y a maintenant plus de plastique que de poissons dans nos oc\u00e9ans, la temp\u00e9rature moyenne augmente avec des cons\u00e9quences terribles sur notre plan\u00e8te, il nous faudrait 1,7 plan\u00e8te pour [&hellip;]\" \/>\n<meta property=\"og:url\" content=\"https:\/\/www.epicerieretzaunee.fr\/?page_id=28883\" \/>\n<meta property=\"og:site_name\" content=\"epicerie.retzaunee\" \/>\n<meta property=\"article:publisher\" content=\"https:\/\/www.facebook.com\/p\/L%c3%a9picerie-Retzaun%c3%a9e-100063643446720\/?locale=fr_FR\" \/>\n<meta property=\"article:modified_time\" content=\"2025-03-12T19:57:58+00:00\" \/>\n<meta property=\"og:image\" content=\"https:\/\/www.epicerieretzaunee.fr\/wp-content\/uploads\/2024\/08\/unnamed-2.png\" \/>\n\t<meta property=\"og:image:width\" content=\"410\" \/>\n\t<meta property=\"og:image:height\" content=\"354\" \/>\n\t<meta property=\"og:image:type\" content=\"image\/png\" \/>\n<meta name=\"twitter:card\" content=\"summary_large_image\" \/>\n<meta name=\"twitter:label1\" content=\"Dur\u00e9e de lecture estim\u00e9e\" \/>\n\t<meta name=\"twitter:data1\" content=\"1 minute\" \/>\n<script type=\"application\/ld+json\" class=\"yoast-schema-graph\">{\"@context\":\"https:\/\/schema.org\",\"@graph\":[{\"@type\":\"WebPage\",\"@id\":\"https:\/\/www.epicerieretzaunee.fr\/?page_id=28883\",\"url\":\"https:\/\/www.epicerieretzaunee.fr\/?page_id=28883\",\"name\":\"L'\u00e9picerie - epicerie.retzaunee\",\"isPartOf\":{\"@id\":\"https:\/\/www.epicerieretzaunee.fr\/#website\"},\"primaryImageOfPage\":{\"@id\":\"https:\/\/www.epicerieretzaunee.fr\/?page_id=28883#primaryimage\"},\"image\":{\"@id\":\"https:\/\/www.epicerieretzaunee.fr\/?page_id=28883#primaryimage\"},\"thumbnailUrl\":\"https:\/\/www.epicerieretzaunee.fr\/wp-content\/uploads\/2024\/08\/unnamed-2.png\",\"datePublished\":\"2024-08-16T15:35:54+00:00\",\"dateModified\":\"2025-03-12T19:57:58+00:00\",\"breadcrumb\":{\"@id\":\"https:\/\/www.epicerieretzaunee.fr\/?page_id=28883#breadcrumb\"},\"inLanguage\":\"fr-FR\",\"potentialAction\":[{\"@type\":\"ReadAction\",\"target\":[\"https:\/\/www.epicerieretzaunee.fr\/?page_id=28883\"]}]},{\"@type\":\"ImageObject\",\"inLanguage\":\"fr-FR\",\"@id\":\"https:\/\/www.epicerieretzaunee.fr\/?page_id=28883#primaryimage\",\"url\":\"https:\/\/www.epicerieretzaunee.fr\/wp-content\/uploads\/2024\/08\/unnamed-2.png\",\"contentUrl\":\"https:\/\/www.epicerieretzaunee.fr\/wp-content\/uploads\/2024\/08\/unnamed-2.png\",\"width\":410,\"height\":354,\"caption\":\"devanture de l'\u00e9picerie avec l'\u00e9quipe\"},{\"@type\":\"BreadcrumbList\",\"@id\":\"https:\/\/www.epicerieretzaunee.fr\/?page_id=28883#breadcrumb\",\"itemListElement\":[{\"@type\":\"ListItem\",\"position\":1,\"name\":\"Accueil\",\"item\":\"https:\/\/www.epicerieretzaunee.fr\/\"},{\"@type\":\"ListItem\",\"position\":2,\"name\":\"Qui sommes-nous ?\",\"item\":\"https:\/\/www.epicerieretzaunee.fr\/?page_id=28853\"},{\"@type\":\"ListItem\",\"position\":3,\"name\":\"L&rsquo;\u00e9picerie\"}]},{\"@type\":\"WebSite\",\"@id\":\"https:\/\/www.epicerieretzaunee.fr\/#website\",\"url\":\"https:\/\/www.epicerieretzaunee.fr\/\",\"name\":\"epicerie.retzaunee\",\"description\":\"Le vrac Bio et local pour un mode de vie z\u00e9ro d\u00e9chet\",\"publisher\":{\"@id\":\"https:\/\/www.epicerieretzaunee.fr\/#organization\"},\"potentialAction\":[{\"@type\":\"SearchAction\",\"target\":{\"@type\":\"EntryPoint\",\"urlTemplate\":\"https:\/\/www.epicerieretzaunee.fr\/?s={search_term_string}\"},\"query-input\":{\"@type\":\"PropertyValueSpecification\",\"valueRequired\":true,\"valueName\":\"search_term_string\"}}],\"inLanguage\":\"fr-FR\"},{\"@type\":\"Organization\",\"@id\":\"https:\/\/www.epicerieretzaunee.fr\/#organization\",\"name\":\"\u00c9picerie Retz'aun\u00e9e\",\"url\":\"https:\/\/www.epicerieretzaunee.fr\/\",\"logo\":{\"@type\":\"ImageObject\",\"inLanguage\":\"fr-FR\",\"@id\":\"https:\/\/www.epicerieretzaunee.fr\/#\/schema\/logo\/image\/\",\"url\":\"\",\"contentUrl\":\"\",\"caption\":\"\u00c9picerie Retz'aun\u00e9e\"},\"image\":{\"@id\":\"https:\/\/www.epicerieretzaunee.fr\/#\/schema\/logo\/image\/\"},\"sameAs\":[\"https:\/\/www.facebook.com\/p\/L\u00e9picerie-Retzaun\u00e9e-100063643446720\/?locale=fr_FR\"]}]}<\/script>\n<!-- \/ Yoast SEO plugin. -->","yoast_head_json":{"title":"L'\u00e9picerie - epicerie.retzaunee","robots":{"index":"noindex","follow":"follow","max-snippet":"max-snippet:-1","max-image-preview":"max-image-preview:large","max-video-preview":"max-video-preview:-1"},"og_locale":"fr_FR","og_type":"article","og_title":"L'\u00e9picerie - epicerie.retzaunee","og_description":"L&rsquo;\u00e9picerie Retz&rsquo;Aun\u00e9e Pourquoi l&rsquo;\u00c9picerie Retz&rsquo;Aun\u00e9e ? Retz&rsquo;Aun\u00e9e offre la possibilit\u00e9 de consommer autrement. L\u2019impact n\u00e9gatif de nos modes de consommation sur notre plan\u00e8te est ind\u00e9niable. Il y a maintenant plus de plastique que de poissons dans nos oc\u00e9ans, la temp\u00e9rature moyenne augmente avec des cons\u00e9quences terribles sur notre plan\u00e8te, il nous faudrait 1,7 plan\u00e8te pour [&hellip;]","og_url":"https:\/\/www.epicerieretzaunee.fr\/?page_id=28883","og_site_name":"epicerie.retzaunee","article_publisher":"https:\/\/www.facebook.com\/p\/L%c3%a9picerie-Retzaun%c3%a9e-100063643446720\/?locale=fr_FR","article_modified_time":"2025-03-12T19:57:58+00:00","og_image":[{"width":410,"height":354,"url":"https:\/\/www.epicerieretzaunee.fr\/wp-content\/uploads\/2024\/08\/unnamed-2.png","type":"image\/png"}],"twitter_card":"summary_large_image","twitter_misc":{"Dur\u00e9e de lecture estim\u00e9e":"1 minute"},"schema":{"@context":"https:\/\/schema.org","@graph":[{"@type":"WebPage","@id":"https:\/\/www.epicerieretzaunee.fr\/?page_id=28883","url":"https:\/\/www.epicerieretzaunee.fr\/?page_id=28883","name":"L'\u00e9picerie - epicerie.retzaunee","isPartOf":{"@id":"https:\/\/www.epicerieretzaunee.fr\/#website"},"primaryImageOfPage":{"@id":"https:\/\/www.epicerieretzaunee.fr\/?page_id=28883#primaryimage"},"image":{"@id":"https:\/\/www.epicerieretzaunee.fr\/?page_id=28883#primaryimage"},"thumbnailUrl":"https:\/\/www.epicerieretzaunee.fr\/wp-content\/uploads\/2024\/08\/unnamed-2.png","datePublished":"2024-08-16T15:35:54+00:00","dateModified":"2025-03-12T19:57:58+00:00","breadcrumb":{"@id":"https:\/\/www.epicerieretzaunee.fr\/?page_id=28883#breadcrumb"},"inLanguage":"fr-FR","potentialAction":[{"@type":"ReadAction","target":["https:\/\/www.epicerieretzaunee.fr\/?page_id=28883"]}]},{"@type":"ImageObject","inLanguage":"fr-FR","@id":"https:\/\/www.epicerieretzaunee.fr\/?page_id=28883#primaryimage","url":"https:\/\/www.epicerieretzaunee.fr\/wp-content\/uploads\/2024\/08\/unnamed-2.png","contentUrl":"https:\/\/www.epicerieretzaunee.fr\/wp-content\/uploads\/2024\/08\/unnamed-2.png","width":410,"height":354,"caption":"devanture de l'\u00e9picerie avec l'\u00e9quipe"},{"@type":"BreadcrumbList","@id":"https:\/\/www.epicerieretzaunee.fr\/?page_id=28883#breadcrumb","itemListElement":[{"@type":"ListItem","position":1,"name":"Accueil","item":"https:\/\/www.epicerieretzaunee.fr\/"},{"@type":"ListItem","position":2,"name":"Qui sommes-nous ?","item":"https:\/\/www.epicerieretzaunee.fr\/?page_id=28853"},{"@type":"ListItem","position":3,"name":"L&rsquo;\u00e9picerie"}]},{"@type":"WebSite","@id":"https:\/\/www.epicerieretzaunee.fr\/#website","url":"https:\/\/www.epicerieretzaunee.fr\/","name":"epicerie.retzaunee","description":"Le vrac Bio et local pour un mode de vie z\u00e9ro d\u00e9chet","publisher":{"@id":"https:\/\/www.epicerieretzaunee.fr\/#organization"},"potentialAction":[{"@type":"SearchAction","target":{"@type":"EntryPoint","urlTemplate":"https:\/\/www.epicerieretzaunee.fr\/?s={search_term_string}"},"query-input":{"@type":"PropertyValueSpecification","valueRequired":true,"valueName":"search_term_string"}}],"inLanguage":"fr-FR"},{"@type":"Organization","@id":"https:\/\/www.epicerieretzaunee.fr\/#organization","name":"\u00c9picerie Retz'aun\u00e9e","url":"https:\/\/www.epicerieretzaunee.fr\/","logo":{"@type":"ImageObject","inLanguage":"fr-FR","@id":"https:\/\/www.epicerieretzaunee.fr\/#\/schema\/logo\/image\/","url":"","contentUrl":"","caption":"\u00c9picerie Retz'aun\u00e9e"},"image":{"@id":"https:\/\/www.epicerieretzaunee.fr\/#\/schema\/logo\/image\/"},"sameAs":["https:\/\/www.facebook.com\/p\/L\u00e9picerie-Retzaun\u00e9e-100063643446720\/?locale=fr_FR"]}]}},"_links":{"self":[{"href":"https:\/\/www.epicerieretzaunee.fr\/index.php?rest_route=\/wp\/v2\/pages\/28883","targetHints":{"allow":["GET"]}}],"collection":[{"href":"https:\/\/www.epicerieretzaunee.fr\/index.php?rest_route=\/wp\/v2\/pages"}],"about":[{"href":"https:\/\/www.epicerieretzaunee.fr\/index.php?rest_route=\/wp\/v2\/types\/page"}],"author":[{"embeddable":true,"href":"https:\/\/www.epicerieretzaunee.fr\/index.php?rest_route=\/wp\/v2\/users\/2"}],"replies":[{"embeddable":true,"href":"https:\/\/www.epicerieretzaunee.fr\/index.php?rest_route=%2Fwp%2Fv2%2Fcomments&post=28883"}],"version-history":[{"count":97,"href":"https:\/\/www.epicerieretzaunee.fr\/index.php?rest_route=\/wp\/v2\/pages\/28883\/revisions"}],"predecessor-version":[{"id":34196,"href":"https:\/\/www.epicerieretzaunee.fr\/index.php?rest_route=\/wp\/v2\/pages\/28883\/revisions\/34196"}],"up":[{"embeddable":true,"href":"https:\/\/www.epicerieretzaunee.fr\/index.php?rest_route=\/wp\/v2\/pages\/28853"}],"wp:attachment":[{"href":"https:\/\/www.epicerieretzaunee.fr\/index.php?rest_route=%2Fwp%2Fv2%2Fmedia&parent=28883"}],"curies":[{"name":"wp","href":"https:\/\/api.w.org\/{rel}","templated":true}]}}