{"id":29261,"date":"2024-08-17T02:28:34","date_gmt":"2024-08-17T00:28:34","guid":{"rendered":"https:\/\/www.epicerieretzaunee.fr\/?page_id=29261"},"modified":"2024-11-04T11:24:07","modified_gmt":"2024-11-04T10:24:07","slug":"mentions-legales","status":"publish","type":"page","link":"https:\/\/www.epicerieretzaunee.fr\/?page_id=29261","title":{"rendered":"Mentions l\u00e9gales"},"content":{"rendered":"\t\t<div data-elementor-type=\"wp-page\" data-elementor-id=\"29261\" class=\"elementor elementor-29261\" data-elementor-post-type=\"page\">\n\t\t\t\t<div class=\"elementor-element elementor-element-f9117d9 e-flex e-con-boxed e-con e-parent\" data-id=\"f9117d9\" data-element_type=\"container\">\n\t\t\t\t\t<div class=\"e-con-inner\">\n\t\t\t\t<div class=\"elementor-element elementor-element-b119007 elementor-widget elementor-widget-spacer\" data-id=\"b119007\" data-element_type=\"widget\" data-widget_type=\"spacer.default\">\n\t\t\t\t<div class=\"elementor-widget-container\">\n\t\t\t\t\t\t\t<div class=\"elementor-spacer\">\n\t\t\t<div class=\"elementor-spacer-inner\"><\/div>\n\t\t<\/div>\n\t\t\t\t\t\t<\/div>\n\t\t\t\t<\/div>\n\t\t\t\t<div class=\"elementor-element elementor-element-f5baaca elementor-widget elementor-widget-heading\" data-id=\"f5baaca\" data-element_type=\"widget\" data-widget_type=\"heading.default\">\n\t\t\t\t<div class=\"elementor-widget-container\">\n\t\t\t\t\t<h2 class=\"elementor-heading-title elementor-size-default\">Mentions l\u00e9gales<\/h2>\t\t\t\t<\/div>\n\t\t\t\t<\/div>\n\t\t\t\t<div class=\"elementor-element elementor-element-9816f91 elementor-align-center elementor-widget elementor-widget-breadcrumbs\" data-id=\"9816f91\" data-element_type=\"widget\" data-widget_type=\"breadcrumbs.default\">\n\t\t\t\t<div class=\"elementor-widget-container\">\n\t\t\t\t\t<p id=\"breadcrumbs\"><span><span><a href=\"https:\/\/www.epicerieretzaunee.fr\/\">Accueil<\/a><\/span><\/span><\/p>\t\t\t\t<\/div>\n\t\t\t\t<\/div>\n\t\t\t\t<div class=\"elementor-element elementor-element-576ca7d elementor-widget elementor-widget-spacer\" data-id=\"576ca7d\" data-element_type=\"widget\" data-widget_type=\"spacer.default\">\n\t\t\t\t<div class=\"elementor-widget-container\">\n\t\t\t\t\t\t\t<div class=\"elementor-spacer\">\n\t\t\t<div class=\"elementor-spacer-inner\"><\/div>\n\t\t<\/div>\n\t\t\t\t\t\t<\/div>\n\t\t\t\t<\/div>\n\t\t\t\t\t<\/div>\n\t\t\t\t<\/div>\n\t\t<div class=\"elementor-element elementor-element-dcba82d e-flex e-con-boxed e-con e-parent\" data-id=\"dcba82d\" data-element_type=\"container\">\n\t\t\t\t\t<div class=\"e-con-inner\">\n\t\t\t\t<div class=\"elementor-element elementor-element-0753e68 elementor-widget elementor-widget-heading\" data-id=\"0753e68\" data-element_type=\"widget\" data-widget_type=\"heading.default\">\n\t\t\t\t<div class=\"elementor-widget-container\">\n\t\t\t\t\t<h2 class=\"elementor-heading-title elementor-size-default\">\u00c9diteur<\/h2>\t\t\t\t<\/div>\n\t\t\t\t<\/div>\n\t\t\t\t<div class=\"elementor-element elementor-element-cd9b38c elementor-widget elementor-widget-text-editor\" data-id=\"cd9b38c\" data-element_type=\"widget\" data-widget_type=\"text-editor.default\">\n\t\t\t\t<div class=\"elementor-widget-container\">\n\t\t\t\t\t\t\t\t\t<p><strong>L\u2019\u00c9picerie Retz\u2019aun\u00e9e<\/strong><\/p>\t\t\t\t\t\t\t\t<\/div>\n\t\t\t\t<\/div>\n\t\t\t\t<div class=\"elementor-element elementor-element-2355799 elementor-widget elementor-widget-text-editor\" data-id=\"2355799\" data-element_type=\"widget\" data-widget_type=\"text-editor.default\">\n\t\t\t\t<div class=\"elementor-widget-container\">\n\t\t\t\t\t\t\t\t\t<p>10 rue du G\u00e9n\u00e9ral De Gaulle<br \/>44250 Saint-Br\u00e9vin-Les-Pins<br \/>09 87 39 90 90<\/p><p>SIRET : 849 817 705 000 23<\/p>\t\t\t\t\t\t\t\t<\/div>\n\t\t\t\t<\/div>\n\t\t\t\t<div class=\"elementor-element elementor-element-4594b1c elementor-widget elementor-widget-spacer\" data-id=\"4594b1c\" data-element_type=\"widget\" data-widget_type=\"spacer.default\">\n\t\t\t\t<div class=\"elementor-widget-container\">\n\t\t\t\t\t\t\t<div class=\"elementor-spacer\">\n\t\t\t<div class=\"elementor-spacer-inner\"><\/div>\n\t\t<\/div>\n\t\t\t\t\t\t<\/div>\n\t\t\t\t<\/div>\n\t\t\t\t\t<\/div>\n\t\t\t\t<\/div>\n\t\t<div class=\"elementor-element elementor-element-c917209 e-flex e-con-boxed e-con e-parent\" data-id=\"c917209\" data-element_type=\"container\">\n\t\t\t\t\t<div class=\"e-con-inner\">\n\t\t\t\t<div class=\"elementor-element elementor-element-c129631 elementor-widget elementor-widget-heading\" data-id=\"c129631\" data-element_type=\"widget\" data-widget_type=\"heading.default\">\n\t\t\t\t<div class=\"elementor-widget-container\">\n\t\t\t\t\t<h2 class=\"elementor-heading-title elementor-size-default\">Direction de la publication<\/h2>\t\t\t\t<\/div>\n\t\t\t\t<\/div>\n\t\t\t\t<div class=\"elementor-element elementor-element-60f9b71 elementor-widget elementor-widget-text-editor\" data-id=\"60f9b71\" data-element_type=\"widget\" data-widget_type=\"text-editor.default\">\n\t\t\t\t<div class=\"elementor-widget-container\">\n\t\t\t\t\t\t\t\t\t<p>Pauline FOUCHER-GU\u00c9RIN<br \/>G\u00e9rante<\/p>\t\t\t\t\t\t\t\t<\/div>\n\t\t\t\t<\/div>\n\t\t\t\t<div class=\"elementor-element elementor-element-a0a543c elementor-widget elementor-widget-spacer\" data-id=\"a0a543c\" data-element_type=\"widget\" data-widget_type=\"spacer.default\">\n\t\t\t\t<div class=\"elementor-widget-container\">\n\t\t\t\t\t\t\t<div class=\"elementor-spacer\">\n\t\t\t<div class=\"elementor-spacer-inner\"><\/div>\n\t\t<\/div>\n\t\t\t\t\t\t<\/div>\n\t\t\t\t<\/div>\n\t\t\t\t\t<\/div>\n\t\t\t\t<\/div>\n\t\t<div class=\"elementor-element elementor-element-2dbe70d e-flex e-con-boxed e-con e-parent\" data-id=\"2dbe70d\" data-element_type=\"container\">\n\t\t\t\t\t<div class=\"e-con-inner\">\n\t\t\t\t<div class=\"elementor-element elementor-element-7f3df84 elementor-widget elementor-widget-heading\" data-id=\"7f3df84\" data-element_type=\"widget\" data-widget_type=\"heading.default\">\n\t\t\t\t<div class=\"elementor-widget-container\">\n\t\t\t\t\t<h2 class=\"elementor-heading-title elementor-size-default\">H\u00e9bergement<\/h2>\t\t\t\t<\/div>\n\t\t\t\t<\/div>\n\t\t\t\t<div class=\"elementor-element elementor-element-0321d2a elementor-widget elementor-widget-text-editor\" data-id=\"0321d2a\" data-element_type=\"widget\" data-widget_type=\"text-editor.default\">\n\t\t\t\t<div class=\"elementor-widget-container\">\n\t\t\t\t\t\t\t\t\t<p>OVH<\/p>\t\t\t\t\t\t\t\t<\/div>\n\t\t\t\t<\/div>\n\t\t\t\t<div class=\"elementor-element elementor-element-d6163f5 elementor-widget elementor-widget-text-editor\" data-id=\"d6163f5\" data-element_type=\"widget\" data-widget_type=\"text-editor.default\">\n\t\t\t\t<div class=\"elementor-widget-container\">\n\t\t\t\t\t\t\t\t\t<p>2 rue Kellermann<br \/>59100 Roubaix &#8211; France<\/p>\t\t\t\t\t\t\t\t<\/div>\n\t\t\t\t<\/div>\n\t\t\t\t<div class=\"elementor-element elementor-element-a4ca7bb elementor-widget elementor-widget-spacer\" data-id=\"a4ca7bb\" data-element_type=\"widget\" data-widget_type=\"spacer.default\">\n\t\t\t\t<div class=\"elementor-widget-container\">\n\t\t\t\t\t\t\t<div class=\"elementor-spacer\">\n\t\t\t<div class=\"elementor-spacer-inner\"><\/div>\n\t\t<\/div>\n\t\t\t\t\t\t<\/div>\n\t\t\t\t<\/div>\n\t\t\t\t\t<\/div>\n\t\t\t\t<\/div>\n\t\t<div class=\"elementor-element elementor-element-6f4ebc8 e-flex e-con-boxed e-con e-parent\" data-id=\"6f4ebc8\" data-element_type=\"container\">\n\t\t\t\t\t<div class=\"e-con-inner\">\n\t\t\t\t<div class=\"elementor-element elementor-element-3150436 elementor-widget elementor-widget-heading\" data-id=\"3150436\" data-element_type=\"widget\" data-widget_type=\"heading.default\">\n\t\t\t\t<div class=\"elementor-widget-container\">\n\t\t\t\t\t<h2 class=\"elementor-heading-title elementor-size-default\">conception et r\u00e9alisation<\/h2>\t\t\t\t<\/div>\n\t\t\t\t<\/div>\n\t\t\t\t<div class=\"elementor-element elementor-element-4d5b3a2 elementor-widget elementor-widget-text-editor\" data-id=\"4d5b3a2\" data-element_type=\"widget\" data-widget_type=\"text-editor.default\">\n\t\t\t\t<div class=\"elementor-widget-container\">\n\t\t\t\t\t\t\t\t\t<p>Imade Mejdaoui et Alexandra Ricklin\u00a0<\/p>\t\t\t\t\t\t\t\t<\/div>\n\t\t\t\t<\/div>\n\t\t\t\t<div class=\"elementor-element elementor-element-b4904ee elementor-widget elementor-widget-spacer\" data-id=\"b4904ee\" data-element_type=\"widget\" data-widget_type=\"spacer.default\">\n\t\t\t\t<div class=\"elementor-widget-container\">\n\t\t\t\t\t\t\t<div class=\"elementor-spacer\">\n\t\t\t<div class=\"elementor-spacer-inner\"><\/div>\n\t\t<\/div>\n\t\t\t\t\t\t<\/div>\n\t\t\t\t<\/div>\n\t\t\t\t\t<\/div>\n\t\t\t\t<\/div>\n\t\t<div class=\"elementor-element elementor-element-2d00bc1 e-flex e-con-boxed e-con e-parent\" data-id=\"2d00bc1\" data-element_type=\"container\">\n\t\t\t\t\t<div class=\"e-con-inner\">\n\t\t\t\t<div class=\"elementor-element elementor-element-bdc9fdf elementor-widget elementor-widget-heading\" data-id=\"bdc9fdf\" data-element_type=\"widget\" data-widget_type=\"heading.default\">\n\t\t\t\t<div class=\"elementor-widget-container\">\n\t\t\t\t\t<h2 class=\"elementor-heading-title elementor-size-default\">DROITS D\u2019auteur<\/h2>\t\t\t\t<\/div>\n\t\t\t\t<\/div>\n\t\t\t\t<div class=\"elementor-element elementor-element-1717630 elementor-widget elementor-widget-text-editor\" data-id=\"1717630\" data-element_type=\"widget\" data-widget_type=\"text-editor.default\">\n\t\t\t\t<div class=\"elementor-widget-container\">\n\t\t\t\t\t\t\t\t\t<p>La structure g\u00e9n\u00e9rale du portail, ainsi que les textes, les photos, images et sons \u00e9ventuels directement associ\u00e9s aux textes qui pr\u00e9sentent la soci\u00e9t\u00e9 L\u2019\u00c9picerie Retz\u2019aun\u00e9e et qui composent le portail sont la propri\u00e9t\u00e9 de la soci\u00e9t\u00e9 SAS L\u2019\u00c9PICERIE RETZ\u2019AUN\u00c9E. En application de la loi du 11 mars 1957 (art. 41) et du code de la propri\u00e9t\u00e9 intellectuelle du 1er juillet 1992, toute reproduction partielle ou totale \u00e0 usage collectif, par quelque proc\u00e9d\u00e9 que ce soit, est strictement interdite sans autorisation de la soci\u00e9t\u00e9 SAS L\u2019\u00c9picerie Retz\u2019aun\u00e9e. Toutefois, certains logos, visuels et marques pr\u00e9sents sur ce site sont la propri\u00e9t\u00e9 de leurs d\u00e9tenteurs respectifs.<\/p>\t\t\t\t\t\t\t\t<\/div>\n\t\t\t\t<\/div>\n\t\t\t\t<div class=\"elementor-element elementor-element-d819d8a elementor-widget elementor-widget-spacer\" data-id=\"d819d8a\" data-element_type=\"widget\" data-widget_type=\"spacer.default\">\n\t\t\t\t<div class=\"elementor-widget-container\">\n\t\t\t\t\t\t\t<div class=\"elementor-spacer\">\n\t\t\t<div class=\"elementor-spacer-inner\"><\/div>\n\t\t<\/div>\n\t\t\t\t\t\t<\/div>\n\t\t\t\t<\/div>\n\t\t\t\t\t<\/div>\n\t\t\t\t<\/div>\n\t\t<div class=\"elementor-element elementor-element-388bfcf e-flex e-con-boxed e-con e-parent\" data-id=\"388bfcf\" data-element_type=\"container\">\n\t\t\t\t\t<div class=\"e-con-inner\">\n\t\t\t\t<div class=\"elementor-element elementor-element-bea9ad1 elementor-widget elementor-widget-heading\" data-id=\"bea9ad1\" data-element_type=\"widget\" data-widget_type=\"heading.default\">\n\t\t\t\t<div class=\"elementor-widget-container\">\n\t\t\t\t\t<h2 class=\"elementor-heading-title elementor-size-default\">Cr\u00e9dits photographiques<\/h2>\t\t\t\t<\/div>\n\t\t\t\t<\/div>\n\t\t\t\t<div class=\"elementor-element elementor-element-0ec9bd1 elementor-widget elementor-widget-text-editor\" data-id=\"0ec9bd1\" data-element_type=\"widget\" data-widget_type=\"text-editor.default\">\n\t\t\t\t<div class=\"elementor-widget-container\">\n\t\t\t\t\t\t\t\t\t<p>Les visuels ou photographies pr\u00e9sent\u00e9s sur ce site sont prot\u00e9g\u00e9s par le Code de la propri\u00e9t\u00e9 intellectuelle et artistique. Ils sont la propri\u00e9t\u00e9 de la soci\u00e9t\u00e9 SAS L\u2019\u00c9PICERIE RETZ\u2019AUN\u00c9E ou bien font l\u2019objet d\u2019une autorisation sp\u00e9cifique d\u2019utilisation.<br \/><br \/>Copyrights et droits des visuels : L\u2019\u00c9picerie Retz\u2019aun\u00e9e<\/p>\t\t\t\t\t\t\t\t<\/div>\n\t\t\t\t<\/div>\n\t\t\t\t<div class=\"elementor-element elementor-element-3ce21fb elementor-widget elementor-widget-spacer\" data-id=\"3ce21fb\" data-element_type=\"widget\" data-widget_type=\"spacer.default\">\n\t\t\t\t<div class=\"elementor-widget-container\">\n\t\t\t\t\t\t\t<div class=\"elementor-spacer\">\n\t\t\t<div class=\"elementor-spacer-inner\"><\/div>\n\t\t<\/div>\n\t\t\t\t\t\t<\/div>\n\t\t\t\t<\/div>\n\t\t\t\t\t<\/div>\n\t\t\t\t<\/div>\n\t\t<div class=\"elementor-element elementor-element-371995c e-flex e-con-boxed e-con e-parent\" data-id=\"371995c\" data-element_type=\"container\">\n\t\t\t\t\t<div class=\"e-con-inner\">\n\t\t\t\t<div class=\"elementor-element elementor-element-e7aa8e1 elementor-widget elementor-widget-heading\" data-id=\"e7aa8e1\" data-element_type=\"widget\" data-widget_type=\"heading.default\">\n\t\t\t\t<div class=\"elementor-widget-container\">\n\t\t\t\t\t<h2 class=\"elementor-heading-title elementor-size-default\">liens hypertextes et indications juridiques<\/h2>\t\t\t\t<\/div>\n\t\t\t\t<\/div>\n\t\t\t\t<div class=\"elementor-element elementor-element-5315210 elementor-widget elementor-widget-text-editor\" data-id=\"5315210\" data-element_type=\"widget\" data-widget_type=\"text-editor.default\">\n\t\t\t\t<div class=\"elementor-widget-container\">\n\t\t\t\t\t\t\t\t\t<p>La soci\u00e9t\u00e9 SAS L\u2019\u00c9PICERIE RETZ\u2019AUN\u00c9E v\u00e9rifie et actualise les informations sur son site web r\u00e9guli\u00e8rement. Malgr\u00e9 toute la diligence apport\u00e9e dans cette d\u00e9marche, les donn\u00e9es peuvent ne pas \u00eatre mises \u00e0 jour en temps r\u00e9el. La soci\u00e9t\u00e9 SAS L\u2019\u00c9PICERIE RETZ\u2019AUN\u00c9E n\u2019engage pas sa responsabilit\u00e9 eu \u00e9gard \u00e0 la mise \u00e0 jour et \u00e0 la v\u00e9racit\u00e9 des informations contenues dans le site au moment de sa consultation par l\u2019internaute.<br \/>Ce principe de non responsabilit\u00e9 eu \u00e9gard \u00e0 la mise \u00e0 jour et \u00e0 la v\u00e9racit\u00e9 des informations en temps r\u00e9el s\u2019applique \u00e9galement \u00e0 toutes les pages web auxquelles le site internet fait r\u00e9f\u00e9rence par le moyen d\u2019un hyperlien.<br \/>La soci\u00e9t\u00e9 SAS L\u2019\u00c9PICERIE RETZ\u2019AUN\u00c9E peut autoriser la mise en place de liens hypertextes redirigeant vers ses pages \u00e0 condition que l\u2019activation de ces liens ne puissent laisser aucun doute sur l\u2019adresse du site visit\u00e9 et qu\u2019elle s\u2019affiche dans une fen\u00eatre du navigateur ind\u00e9pendante de la fen\u00eatre d\u2019origine.<br \/>De plus, ces liens ne doivent en aucun cas \u00eatre en relation avec un quelconque site Internet diffusant des informations pouvant porter atteinte \u00e0 la morale ou aux bonnes m\u0153urs.<\/p>\t\t\t\t\t\t\t\t<\/div>\n\t\t\t\t<\/div>\n\t\t\t\t<div class=\"elementor-element elementor-element-75280d4 elementor-mobile-align-center elementor-widget elementor-widget-button\" data-id=\"75280d4\" data-element_type=\"widget\" data-widget_type=\"button.default\">\n\t\t\t\t<div class=\"elementor-widget-container\">\n\t\t\t\t\t\t\t\t\t<div class=\"elementor-button-wrapper\">\n\t\t\t\t\t<a class=\"elementor-button elementor-button-link elementor-size-sm\" href=\"https:\/\/www.epicerieretzaunee.fr\/politique-de-confidentialite\/\">\n\t\t\t\t\t\t<span class=\"elementor-button-content-wrapper\">\n\t\t\t\t\t\t\t\t\t<span class=\"elementor-button-text\">politique de confidentialit\u00e9<\/span>\n\t\t\t\t\t<\/span>\n\t\t\t\t\t<\/a>\n\t\t\t\t<\/div>\n\t\t\t\t\t\t\t\t<\/div>\n\t\t\t\t<\/div>\n\t\t\t\t<div class=\"elementor-element elementor-element-e0f8af4 elementor-widget elementor-widget-spacer\" data-id=\"e0f8af4\" data-element_type=\"widget\" data-widget_type=\"spacer.default\">\n\t\t\t\t<div class=\"elementor-widget-container\">\n\t\t\t\t\t\t\t<div class=\"elementor-spacer\">\n\t\t\t<div class=\"elementor-spacer-inner\"><\/div>\n\t\t<\/div>\n\t\t\t\t\t\t<\/div>\n\t\t\t\t<\/div>\n\t\t\t\t\t<\/div>\n\t\t\t\t<\/div>\n\t\t\t\t<\/div>\n\t\t","protected":false},"excerpt":{"rendered":"<p>Mentions l\u00e9gales \u00c9diteur L\u2019\u00c9picerie Retz\u2019aun\u00e9e 10 rue du G\u00e9n\u00e9ral De Gaulle44250 Saint-Br\u00e9vin-Les-Pins09 87 39 90 90 SIRET : 849 817 705 000 23 Direction de la publication Pauline FOUCHER-GU\u00c9RING\u00e9rante H\u00e9bergement OVH 2 rue Kellermann59100 Roubaix &#8211; France conception et r\u00e9alisation Imade Mejdaoui et Alexandra Ricklin\u00a0 DROITS D\u2019auteur La structure g\u00e9n\u00e9rale du portail, ainsi que les [&hellip;]<\/p>\n","protected":false},"author":2,"featured_media":0,"parent":0,"menu_order":0,"comment_status":"closed","ping_status":"closed","template":"","meta":{"_monsterinsights_skip_tracking":false,"_monsterinsights_sitenote_active":false,"_monsterinsights_sitenote_note":"","_monsterinsights_sitenote_category":0,"footnotes":""},"class_list":["post-29261","page","type-page","status-publish","hentry"],"yoast_head":"<!-- This site is optimized with the Yoast SEO plugin v25.2 - https:\/\/yoast.com\/wordpress\/plugins\/seo\/ -->\n<title>Mentions l\u00e9gales - epicerie.retzaunee<\/title>\n<meta name=\"robots\" content=\"noindex, follow, max-snippet:-1, max-image-preview:large, max-video-preview:-1\" \/>\n<meta property=\"og:locale\" content=\"fr_FR\" \/>\n<meta property=\"og:type\" content=\"article\" \/>\n<meta property=\"og:title\" content=\"Mentions l\u00e9gales - epicerie.retzaunee\" \/>\n<meta property=\"og:description\" content=\"Mentions l\u00e9gales \u00c9diteur L\u2019\u00c9picerie Retz\u2019aun\u00e9e 10 rue du G\u00e9n\u00e9ral De Gaulle44250 Saint-Br\u00e9vin-Les-Pins09 87 39 90 90 SIRET : 849 817 705 000 23 Direction de la publication Pauline FOUCHER-GU\u00c9RING\u00e9rante H\u00e9bergement OVH 2 rue Kellermann59100 Roubaix &#8211; France conception et r\u00e9alisation Imade Mejdaoui et Alexandra Ricklin\u00a0 DROITS D\u2019auteur La structure g\u00e9n\u00e9rale du portail, ainsi que les [&hellip;]\" \/>\n<meta property=\"og:url\" content=\"https:\/\/www.epicerieretzaunee.fr\/?page_id=29261\" \/>\n<meta property=\"og:site_name\" content=\"epicerie.retzaunee\" \/>\n<meta property=\"article:publisher\" content=\"https:\/\/www.facebook.com\/p\/L%c3%a9picerie-Retzaun%c3%a9e-100063643446720\/?locale=fr_FR\" \/>\n<meta property=\"article:modified_time\" content=\"2024-11-04T10:24:07+00:00\" \/>\n<meta property=\"og:image\" content=\"https:\/\/www.epicerieretzaunee.fr\/wp-content\/uploads\/2024\/11\/Nouveau-logo-blanc_Vrac-bio-local_-icone-insta-facebook.png\" \/>\n\t<meta property=\"og:image:width\" content=\"2000\" \/>\n\t<meta property=\"og:image:height\" content=\"2000\" \/>\n\t<meta property=\"og:image:type\" content=\"image\/png\" \/>\n<meta name=\"twitter:card\" content=\"summary_large_image\" \/>\n<meta name=\"twitter:label1\" content=\"Dur\u00e9e de lecture estim\u00e9e\" \/>\n\t<meta name=\"twitter:data1\" content=\"2 minutes\" \/>\n<script type=\"application\/ld+json\" class=\"yoast-schema-graph\">{\"@context\":\"https:\/\/schema.org\",\"@graph\":[{\"@type\":\"WebPage\",\"@id\":\"https:\/\/www.epicerieretzaunee.fr\/?page_id=29261\",\"url\":\"https:\/\/www.epicerieretzaunee.fr\/?page_id=29261\",\"name\":\"Mentions l\u00e9gales - epicerie.retzaunee\",\"isPartOf\":{\"@id\":\"https:\/\/www.epicerieretzaunee.fr\/#website\"},\"datePublished\":\"2024-08-17T00:28:34+00:00\",\"dateModified\":\"2024-11-04T10:24:07+00:00\",\"breadcrumb\":{\"@id\":\"https:\/\/www.epicerieretzaunee.fr\/?page_id=29261#breadcrumb\"},\"inLanguage\":\"fr-FR\",\"potentialAction\":[{\"@type\":\"ReadAction\",\"target\":[\"https:\/\/www.epicerieretzaunee.fr\/?page_id=29261\"]}]},{\"@type\":\"BreadcrumbList\",\"@id\":\"https:\/\/www.epicerieretzaunee.fr\/?page_id=29261#breadcrumb\",\"itemListElement\":[{\"@type\":\"ListItem\",\"position\":1,\"name\":\"Accueil\",\"item\":\"https:\/\/www.epicerieretzaunee.fr\/\"},{\"@type\":\"ListItem\",\"position\":2,\"name\":\"Mentions l\u00e9gales\"}]},{\"@type\":\"WebSite\",\"@id\":\"https:\/\/www.epicerieretzaunee.fr\/#website\",\"url\":\"https:\/\/www.epicerieretzaunee.fr\/\",\"name\":\"epicerie.retzaunee\",\"description\":\"Le vrac Bio et local pour un mode de vie z\u00e9ro d\u00e9chet\",\"publisher\":{\"@id\":\"https:\/\/www.epicerieretzaunee.fr\/#organization\"},\"potentialAction\":[{\"@type\":\"SearchAction\",\"target\":{\"@type\":\"EntryPoint\",\"urlTemplate\":\"https:\/\/www.epicerieretzaunee.fr\/?s={search_term_string}\"},\"query-input\":{\"@type\":\"PropertyValueSpecification\",\"valueRequired\":true,\"valueName\":\"search_term_string\"}}],\"inLanguage\":\"fr-FR\"},{\"@type\":\"Organization\",\"@id\":\"https:\/\/www.epicerieretzaunee.fr\/#organization\",\"name\":\"\u00c9picerie Retz'aun\u00e9e\",\"url\":\"https:\/\/www.epicerieretzaunee.fr\/\",\"logo\":{\"@type\":\"ImageObject\",\"inLanguage\":\"fr-FR\",\"@id\":\"https:\/\/www.epicerieretzaunee.fr\/#\/schema\/logo\/image\/\",\"url\":\"\",\"contentUrl\":\"\",\"caption\":\"\u00c9picerie Retz'aun\u00e9e\"},\"image\":{\"@id\":\"https:\/\/www.epicerieretzaunee.fr\/#\/schema\/logo\/image\/\"},\"sameAs\":[\"https:\/\/www.facebook.com\/p\/L\u00e9picerie-Retzaun\u00e9e-100063643446720\/?locale=fr_FR\"]}]}<\/script>\n<!-- \/ Yoast SEO plugin. -->","yoast_head_json":{"title":"Mentions l\u00e9gales - epicerie.retzaunee","robots":{"index":"noindex","follow":"follow","max-snippet":"max-snippet:-1","max-image-preview":"max-image-preview:large","max-video-preview":"max-video-preview:-1"},"og_locale":"fr_FR","og_type":"article","og_title":"Mentions l\u00e9gales - epicerie.retzaunee","og_description":"Mentions l\u00e9gales \u00c9diteur L\u2019\u00c9picerie Retz\u2019aun\u00e9e 10 rue du G\u00e9n\u00e9ral De Gaulle44250 Saint-Br\u00e9vin-Les-Pins09 87 39 90 90 SIRET : 849 817 705 000 23 Direction de la publication Pauline FOUCHER-GU\u00c9RING\u00e9rante H\u00e9bergement OVH 2 rue Kellermann59100 Roubaix &#8211; France conception et r\u00e9alisation Imade Mejdaoui et Alexandra Ricklin\u00a0 DROITS D\u2019auteur La structure g\u00e9n\u00e9rale du portail, ainsi que les [&hellip;]","og_url":"https:\/\/www.epicerieretzaunee.fr\/?page_id=29261","og_site_name":"epicerie.retzaunee","article_publisher":"https:\/\/www.facebook.com\/p\/L%c3%a9picerie-Retzaun%c3%a9e-100063643446720\/?locale=fr_FR","article_modified_time":"2024-11-04T10:24:07+00:00","og_image":[{"width":2000,"height":2000,"url":"https:\/\/www.epicerieretzaunee.fr\/wp-content\/uploads\/2024\/11\/Nouveau-logo-blanc_Vrac-bio-local_-icone-insta-facebook.png","type":"image\/png"}],"twitter_card":"summary_large_image","twitter_misc":{"Dur\u00e9e de lecture estim\u00e9e":"2 minutes"},"schema":{"@context":"https:\/\/schema.org","@graph":[{"@type":"WebPage","@id":"https:\/\/www.epicerieretzaunee.fr\/?page_id=29261","url":"https:\/\/www.epicerieretzaunee.fr\/?page_id=29261","name":"Mentions l\u00e9gales - epicerie.retzaunee","isPartOf":{"@id":"https:\/\/www.epicerieretzaunee.fr\/#website"},"datePublished":"2024-08-17T00:28:34+00:00","dateModified":"2024-11-04T10:24:07+00:00","breadcrumb":{"@id":"https:\/\/www.epicerieretzaunee.fr\/?page_id=29261#breadcrumb"},"inLanguage":"fr-FR","potentialAction":[{"@type":"ReadAction","target":["https:\/\/www.epicerieretzaunee.fr\/?page_id=29261"]}]},{"@type":"BreadcrumbList","@id":"https:\/\/www.epicerieretzaunee.fr\/?page_id=29261#breadcrumb","itemListElement":[{"@type":"ListItem","position":1,"name":"Accueil","item":"https:\/\/www.epicerieretzaunee.fr\/"},{"@type":"ListItem","position":2,"name":"Mentions l\u00e9gales"}]},{"@type":"WebSite","@id":"https:\/\/www.epicerieretzaunee.fr\/#website","url":"https:\/\/www.epicerieretzaunee.fr\/","name":"epicerie.retzaunee","description":"Le vrac Bio et local pour un mode de vie z\u00e9ro d\u00e9chet","publisher":{"@id":"https:\/\/www.epicerieretzaunee.fr\/#organization"},"potentialAction":[{"@type":"SearchAction","target":{"@type":"EntryPoint","urlTemplate":"https:\/\/www.epicerieretzaunee.fr\/?s={search_term_string}"},"query-input":{"@type":"PropertyValueSpecification","valueRequired":true,"valueName":"search_term_string"}}],"inLanguage":"fr-FR"},{"@type":"Organization","@id":"https:\/\/www.epicerieretzaunee.fr\/#organization","name":"\u00c9picerie Retz'aun\u00e9e","url":"https:\/\/www.epicerieretzaunee.fr\/","logo":{"@type":"ImageObject","inLanguage":"fr-FR","@id":"https:\/\/www.epicerieretzaunee.fr\/#\/schema\/logo\/image\/","url":"","contentUrl":"","caption":"\u00c9picerie Retz'aun\u00e9e"},"image":{"@id":"https:\/\/www.epicerieretzaunee.fr\/#\/schema\/logo\/image\/"},"sameAs":["https:\/\/www.facebook.com\/p\/L\u00e9picerie-Retzaun\u00e9e-100063643446720\/?locale=fr_FR"]}]}},"_links":{"self":[{"href":"https:\/\/www.epicerieretzaunee.fr\/index.php?rest_route=\/wp\/v2\/pages\/29261","targetHints":{"allow":["GET"]}}],"collection":[{"href":"https:\/\/www.epicerieretzaunee.fr\/index.php?rest_route=\/wp\/v2\/pages"}],"about":[{"href":"https:\/\/www.epicerieretzaunee.fr\/index.php?rest_route=\/wp\/v2\/types\/page"}],"author":[{"embeddable":true,"href":"https:\/\/www.epicerieretzaunee.fr\/index.php?rest_route=\/wp\/v2\/users\/2"}],"replies":[{"embeddable":true,"href":"https:\/\/www.epicerieretzaunee.fr\/index.php?rest_route=%2Fwp%2Fv2%2Fcomments&post=29261"}],"version-history":[{"count":64,"href":"https:\/\/www.epicerieretzaunee.fr\/index.php?rest_route=\/wp\/v2\/pages\/29261\/revisions"}],"predecessor-version":[{"id":33091,"href":"https:\/\/www.epicerieretzaunee.fr\/index.php?rest_route=\/wp\/v2\/pages\/29261\/revisions\/33091"}],"wp:attachment":[{"href":"https:\/\/www.epicerieretzaunee.fr\/index.php?rest_route=%2Fwp%2Fv2%2Fmedia&parent=29261"}],"curies":[{"name":"wp","href":"https:\/\/api.w.org\/{rel}","templated":true}]}}